
{"id":60,"date":"2020-11-13T10:41:12","date_gmt":"2020-11-13T09:41:12","guid":{"rendered":"https:\/\/przedszkole117.edu.wroclaw.pl\/?page_id=60"},"modified":"2025-02-09T20:44:05","modified_gmt":"2025-02-09T19:44:05","slug":"o-nas","status":"publish","type":"page","link":"https:\/\/przedszkole117.edu.wroclaw.pl\/index.php\/o-nas\/","title":{"rendered":"O nas"},"content":{"rendered":"<div class=\"wpb-content-wrapper\"><p><!--more-->[vc_row][vc_column][vc_column_text]<\/p>\n<blockquote class=\"wp-embedded-content\" data-secret=\"omIPzbRfK2\"><p><a href=\"https:\/\/przedszkole117.edu.wroclaw.pl\/index.php\/2024\/03\/08\/film-promujacy-przedszkole-nr-117-fiolkowa-kraina\/\">Film promuj\u0105cy Przedszkole Nr 117 Fio\u0142kowa Kraina<\/a><\/p><\/blockquote>\n<p><iframe loading=\"lazy\" class=\"wp-embedded-content\" sandbox=\"allow-scripts\" security=\"restricted\" style=\"position: absolute; visibility: hidden;\" title=\"&#8222;Film promuj\u0105cy Przedszkole Nr 117 Fio\u0142kowa Kraina&#8221; &#8212; Przedszkole nr 117 \u201eFio\u0142kowa Kraina\u201d we Wroc\u0142awiu\" src=\"https:\/\/przedszkole117.edu.wroclaw.pl\/index.php\/2024\/03\/08\/film-promujacy-przedszkole-nr-117-fiolkowa-kraina\/embed\/#?secret=YtNjhJ0Uzd#?secret=omIPzbRfK2\" data-secret=\"omIPzbRfK2\" width=\"500\" height=\"282\" frameborder=\"0\" marginwidth=\"0\" marginheight=\"0\" scrolling=\"no\"><\/iframe><\/p>\n<h2>Troch\u0119 historii\u2026<\/h2>\n<p><img loading=\"lazy\" decoding=\"async\" class=\"wp-image-61 aligncenter\" src=\"https:\/\/przedszkole117.edu.wroclaw.pl\/wp-content\/uploads\/sites\/52\/2020\/11\/20170224170436253_0001-300x208.jpg\" alt=\"wej\u015bcie g\u0142\u00f3wne do przedszkola z roku 1977\" width=\"662\" height=\"459\" srcset=\"https:\/\/przedszkole117.edu.wroclaw.pl\/wp-content\/uploads\/sites\/52\/2020\/11\/20170224170436253_0001-300x208.jpg 300w, https:\/\/przedszkole117.edu.wroclaw.pl\/wp-content\/uploads\/sites\/52\/2020\/11\/20170224170436253_0001-1024x709.jpg 1024w, https:\/\/przedszkole117.edu.wroclaw.pl\/wp-content\/uploads\/sites\/52\/2020\/11\/20170224170436253_0001-768x532.jpg 768w, https:\/\/przedszkole117.edu.wroclaw.pl\/wp-content\/uploads\/sites\/52\/2020\/11\/20170224170436253_0001-600x416.jpg 600w, https:\/\/przedszkole117.edu.wroclaw.pl\/wp-content\/uploads\/sites\/52\/2020\/11\/20170224170436253_0001.jpg 1263w\" sizes=\"auto, (max-width: 662px) 100vw, 662px\" \/>[\/vc_column_text][\/vc_column][\/vc_row][vc_row][vc_column][vc_column_text]Przedszkole nr 117 zosta\u0142o wybudowane w roku 1977 przez za\u0142og\u0119 ELWRO i przekazane na rzecz dzielnicy Wroc\u0142aw-Fabryczna. Oficjalne otwarcie mia\u0142o miejsce 7 wrze\u015bnia 1977 roku. Wzi\u0119li w nim udzia\u0142 przedstawiciele Urz\u0119du Dzielnicowego, Wydzia\u0142u O\u015bwiaty i Wychowania oraz przedstawiciele zak\u0142ad\u00f3w ELWRO z dyrektorem mgr in\u017c. I. Salomonem na czele. Podczas uroczysto\u015bci w nowo otwartej plac\u00f3wce, przekaza\u0142 on na r\u0119ce dyrektor Wandy Butkiewicz symboliczny klucz, kt\u00f3ry do dzisiaj znajduje si\u0119 w przedszkolu.<\/p>\n<p>W pierwszym roku do przedszkola ucz\u0119szcza\u0142o a\u017c 140 dzieci, w zaledwie IV oddzia\u0142ach![\/vc_column_text][\/vc_column][\/vc_row][vc_row][vc_column][vc_column_text]<img loading=\"lazy\" decoding=\"async\" width=\"300\" height=\"218\" class=\"size-medium wp-image-62 alignright\" src=\"https:\/\/przedszkole117.edu.wroclaw.pl\/wp-content\/uploads\/sites\/52\/2020\/11\/20170224170436253_0003-768x558-1-300x218.jpg\" alt=\"wn\u0119trze przedszkola rok 1979\" srcset=\"https:\/\/przedszkole117.edu.wroclaw.pl\/wp-content\/uploads\/sites\/52\/2020\/11\/20170224170436253_0003-768x558-1-300x218.jpg 300w, https:\/\/przedszkole117.edu.wroclaw.pl\/wp-content\/uploads\/sites\/52\/2020\/11\/20170224170436253_0003-768x558-1-600x436.jpg 600w, https:\/\/przedszkole117.edu.wroclaw.pl\/wp-content\/uploads\/sites\/52\/2020\/11\/20170224170436253_0003-768x558-1.jpg 768w\" sizes=\"auto, (max-width: 300px) 100vw, 300px\" \/> Rekrutacja na lata 1978\/79 przesz\u0142a wszelkie oczekiwania. Zaistnia\u0142a wtedy konieczno\u015b\u0107 uruchomienia V oddzia\u0142u. Dyrektor przedszkola wyst\u0105pi\u0142a do zak\u0142ad\u00f3w MERA-ELWRO z wnioskiem o dobudowanie dodatkowego pawilonu, aby zachowa\u0107 sal\u0119 gimnastyczn\u0105. Now\u0105 sal\u0119 oddano do u\u017cytku 27 stycznia 1979 roku.[\/vc_column_text][\/vc_column][\/vc_row][vc_row][vc_column][vc_column_text]<img loading=\"lazy\" decoding=\"async\" width=\"300\" height=\"242\" class=\"size-medium wp-image-63 alignleft\" src=\"https:\/\/przedszkole117.edu.wroclaw.pl\/wp-content\/uploads\/sites\/52\/2020\/11\/20170224224953158_0001-768x619-1-300x242.jpg\" alt=\"ta\u0144cz\u0105ce dzieci\" srcset=\"https:\/\/przedszkole117.edu.wroclaw.pl\/wp-content\/uploads\/sites\/52\/2020\/11\/20170224224953158_0001-768x619-1-300x242.jpg 300w, https:\/\/przedszkole117.edu.wroclaw.pl\/wp-content\/uploads\/sites\/52\/2020\/11\/20170224224953158_0001-768x619-1-600x484.jpg 600w, https:\/\/przedszkole117.edu.wroclaw.pl\/wp-content\/uploads\/sites\/52\/2020\/11\/20170224224953158_0001-768x619-1.jpg 768w\" sizes=\"auto, (max-width: 300px) 100vw, 300px\" \/>W maju tego samego roku uroczy\u015bcie obchodzono tzw. DNI ELWRO. Z tej okazji dzieci naszego przedszkola wyst\u0105pi\u0142y na du\u017cej scenie Teatru Polskiego. Wi\u0119kszo\u015b\u0107 stroj\u00f3w do wyst\u0119pu uszyli rodzice, ale uda\u0142o si\u0119 te\u017c zakupi\u0107 pi\u0119kne \u0142owickie stroje ludowe w Cepelii, kt\u00f3re s\u0105 w naszym przedszkolu do dzisiaj.<br \/>\nLatem 1980 roku ogr\u00f3d przedszkolny wzbogaci\u0142 si\u0119 o r\u00f3\u017cne urz\u0105dzenia z drewna , kt\u00f3re wykonali nieodp\u0142atnie pracownicy patronackiego zak\u0142adu.[\/vc_column_text][vc_column_text]W maju tego samego roku uroczy\u015bcie obchodzono tzw. DNI ELWRO. Z tej okazji dzieci naszego przedszkola wyst\u0105pi\u0142y na du\u017cej scenie Teatru Polskiego. Wi\u0119kszo\u015b\u0107 stroj\u00f3w do wyst\u0119pu uszyli rodzice, ale uda\u0142o si\u0119 te\u017c zakupi\u0107 pi\u0119kne \u0142owickie stroje ludowe w Cepelii, kt\u00f3re s\u0105 w naszym przedszkolu do dzisiaj.<br \/>\nLatem 1980 roku ogr\u00f3d przedszkolny wzbogaci\u0142 si\u0119 o r\u00f3\u017cne urz\u0105dzenia z drewna , kt\u00f3re wykonali nieodp\u0142atnie pracownicy patronackiego zak\u0142adu.[\/vc_column_text][\/vc_column][\/vc_row][vc_row][vc_column][vc_column_text]<img loading=\"lazy\" decoding=\"async\" class=\"alignnone wp-image-64 aligncenter\" src=\"https:\/\/przedszkole117.edu.wroclaw.pl\/wp-content\/uploads\/sites\/52\/2020\/11\/20170224170436253_0004-300x211.jpg\" alt=\"lato 1980 pracownicy ELWRO\" width=\"813\" height=\"572\" srcset=\"https:\/\/przedszkole117.edu.wroclaw.pl\/wp-content\/uploads\/sites\/52\/2020\/11\/20170224170436253_0004-300x211.jpg 300w, https:\/\/przedszkole117.edu.wroclaw.pl\/wp-content\/uploads\/sites\/52\/2020\/11\/20170224170436253_0004-1024x722.jpg 1024w, https:\/\/przedszkole117.edu.wroclaw.pl\/wp-content\/uploads\/sites\/52\/2020\/11\/20170224170436253_0004-768x541.jpg 768w, https:\/\/przedszkole117.edu.wroclaw.pl\/wp-content\/uploads\/sites\/52\/2020\/11\/20170224170436253_0004-600x423.jpg 600w, https:\/\/przedszkole117.edu.wroclaw.pl\/wp-content\/uploads\/sites\/52\/2020\/11\/20170224170436253_0004-1536x1083.jpg 1536w, https:\/\/przedszkole117.edu.wroclaw.pl\/wp-content\/uploads\/sites\/52\/2020\/11\/20170224170436253_0004.jpg 1704w\" sizes=\"auto, (max-width: 813px) 100vw, 813px\" \/>[\/vc_column_text][\/vc_column][\/vc_row]<\/p>\n<\/div>","protected":false},"excerpt":{"rendered":"[vc_row][vc_column][vc_column_text] https:\/\/przedszkole117.edu.wroclaw.pl\/index.php\/2024\/03\/08\/film-promujacy-przedszkole-nr-117-fiolkowa-kraina\/ Troch\u0119 historii\u2026 [\/vc_column_text][\/vc_column][\/vc_row][vc_row][vc_column][vc_column_text]Przedszkole nr 117 zosta\u0142o wybudowane w roku 1977 przez za\u0142og\u0119 ELWRO i przekazane na rzecz dzielnicy Wroc\u0142aw-Fabryczna. Oficjalne otwarcie mia\u0142o miejsce 7 wrze\u015bnia 1977 roku. Wzi\u0119li [...]","protected":false},"author":15,"featured_media":0,"parent":0,"menu_order":0,"comment_status":"closed","ping_status":"closed","template":"","meta":{"ngg_post_thumbnail":0,"footnotes":""},"class_list":["post-60","page","type-page","status-publish","hentry","clearfix"],"_links":{"self":[{"href":"https:\/\/przedszkole117.edu.wroclaw.pl\/index.php\/wp-json\/wp\/v2\/pages\/60","targetHints":{"allow":["GET"]}}],"collection":[{"href":"https:\/\/przedszkole117.edu.wroclaw.pl\/index.php\/wp-json\/wp\/v2\/pages"}],"about":[{"href":"https:\/\/przedszkole117.edu.wroclaw.pl\/index.php\/wp-json\/wp\/v2\/types\/page"}],"author":[{"embeddable":true,"href":"https:\/\/przedszkole117.edu.wroclaw.pl\/index.php\/wp-json\/wp\/v2\/users\/15"}],"replies":[{"embeddable":true,"href":"https:\/\/przedszkole117.edu.wroclaw.pl\/index.php\/wp-json\/wp\/v2\/comments?post=60"}],"version-history":[{"count":23,"href":"https:\/\/przedszkole117.edu.wroclaw.pl\/index.php\/wp-json\/wp\/v2\/pages\/60\/revisions"}],"predecessor-version":[{"id":1987,"href":"https:\/\/przedszkole117.edu.wroclaw.pl\/index.php\/wp-json\/wp\/v2\/pages\/60\/revisions\/1987"}],"wp:attachment":[{"href":"https:\/\/przedszkole117.edu.wroclaw.pl\/index.php\/wp-json\/wp\/v2\/media?parent=60"}],"curies":[{"name":"wp","href":"https:\/\/api.w.org\/{rel}","templated":true}]}}