
{"id":202,"date":"2020-11-13T13:34:30","date_gmt":"2020-11-13T12:34:30","guid":{"rendered":"https:\/\/przedszkole117.edu.wroclaw.pl\/?page_id=202"},"modified":"2023-09-27T11:10:42","modified_gmt":"2023-09-27T09:10:42","slug":"instrukcja-logowania-do-wroclawskiej-platformy-edukacyjnej","status":"publish","type":"page","link":"https:\/\/przedszkole117.edu.wroclaw.pl\/index.php\/organizacja-pracy-placowki\/instrukcja-logowania-do-wroclawskiej-platformy-edukacyjnej\/","title":{"rendered":"Instrukcja logowania do Wroc\u0142awskiej Platformy Edukacyjnej"},"content":{"rendered":"<div class=\"wpb-content-wrapper\"><p>[vc_row][vc_column][vc_column_text]<\/p>\n<h2>Drodzy Rodzice!<\/h2>\n\n<p>Aby u\u0142atwi\u0107 Pa\u0144stwu pierwsze logowanie do &nbsp;Wroc\u0142awskiej Platformy Edukacyjnej poni\u017cej zamieszczam szczeg\u00f3\u0142ow\u0105 instrukcj\u0119 ze zdj\u0119ciami.&nbsp;<\/p>\n\n\n<ol>\n<li style=\"list-style-type: none;\">\n<ol>\n<li>Nale\u017cy wpisa\u0107 adres strony:<\/li>\n<p><\/ol>\n<\/li>\n<\/ol>\n<p><strong>pe.edu.wroclaw.pl<\/strong><\/p>\n<ol>\n<li style=\"list-style-type: none;\">\n<ol><\/p>\n<p><\/ol>\n<\/li>\n<\/ol>\n<figure class=\"wp-block-image size-large\"><img loading=\"lazy\" decoding=\"async\" width=\"1024\" height=\"467\" class=\"wp-image-203\" src=\"https:\/\/przedszkole117.edu.wroclaw.pl\/wp-content\/uploads\/sites\/52\/2020\/11\/strona-startowa-1024x467.png\" alt=\"Strona g\u0142\u00f3wna pe.edu.wroclaw.pl\" srcset=\"https:\/\/przedszkole117.edu.wroclaw.pl\/wp-content\/uploads\/sites\/52\/2020\/11\/strona-startowa-1024x467.png 1024w, https:\/\/przedszkole117.edu.wroclaw.pl\/wp-content\/uploads\/sites\/52\/2020\/11\/strona-startowa-300x137.png 300w, https:\/\/przedszkole117.edu.wroclaw.pl\/wp-content\/uploads\/sites\/52\/2020\/11\/strona-startowa-768x351.png 768w, https:\/\/przedszkole117.edu.wroclaw.pl\/wp-content\/uploads\/sites\/52\/2020\/11\/strona-startowa-600x274.png 600w, https:\/\/przedszkole117.edu.wroclaw.pl\/wp-content\/uploads\/sites\/52\/2020\/11\/strona-startowa-1536x701.png 1536w, https:\/\/przedszkole117.edu.wroclaw.pl\/wp-content\/uploads\/sites\/52\/2020\/11\/strona-startowa.png 1917w\" sizes=\"auto, (max-width: 1024px) 100vw, 1024px\" \/><\/figure>\n<ol>\n<li style=\"list-style-type: none;\">\n<ol><\/ol>\n<\/li>\n<\/ol>\n<p>Nale\u017cy klikn\u0105\u0107 \u201eZaloguj si\u0119\u201d. Aby wej\u015b\u0107 na stron\u0119 w przegl\u0105darce musz\u0105 by\u0107 w\u0142\u0105czone przyjmowanie cookies (ciasteczek).<\/p>\n<ol>\n<li style=\"list-style-type: none;\">\n<ol><\/p>\n<p><\/ol>\n<\/li>\n<\/ol>\n<figure class=\"wp-block-image size-large\"><img loading=\"lazy\" decoding=\"async\" width=\"768\" height=\"376\" class=\"wp-image-204\" src=\"https:\/\/przedszkole117.edu.wroclaw.pl\/wp-content\/uploads\/sites\/52\/2020\/11\/logowanie-do-systemu-768x376-1.png\" alt=\"Ekran logowania\" srcset=\"https:\/\/przedszkole117.edu.wroclaw.pl\/wp-content\/uploads\/sites\/52\/2020\/11\/logowanie-do-systemu-768x376-1.png 768w, https:\/\/przedszkole117.edu.wroclaw.pl\/wp-content\/uploads\/sites\/52\/2020\/11\/logowanie-do-systemu-768x376-1-300x147.png 300w, https:\/\/przedszkole117.edu.wroclaw.pl\/wp-content\/uploads\/sites\/52\/2020\/11\/logowanie-do-systemu-768x376-1-600x294.png 600w\" sizes=\"auto, (max-width: 768px) 100vw, 768px\" \/><\/figure>\n<ol>\n<li style=\"list-style-type: none;\">\n<ol><\/p>\n\n<li>Nast\u0119pnie trzeba poda\u0107 login i has\u0142o (ka\u017cdy dosta\u0142 indywidualny login i has\u0142o)<\/li>\n<p><\/ol>\n<\/li>\n<\/ol>\n<p>Po zalogowaniu nale\u017cy zmieni\u0107 has\u0142o dost\u0119pu, kt\u00f3rym b\u0119dzie pos\u0142ugiwa\u0107 si\u0119 Twoje dziecko.<\/p>\n<ol>\n<li style=\"list-style-type: none;\">\n<ol><\/ol>\n<\/li>\n<\/ol>\n<p>Podczas pierwszego logowania pe\u0142noletni opiekun swojego dziecka powinien przeczyta\u0107 i zaakceptowa\u0107 Regulamin korzystania z us\u0142ugi.<\/p>\n<ol>\n<li style=\"list-style-type: none;\">\n<ol><\/p>\n\n<li>Po zalogowaniu trzeba klikn\u0105\u0107 w \u201eKokpit\u201d.<\/li>\n\n<p><\/ol>\n<\/li>\n<\/ol>\n<figure class=\"wp-block-image size-large\"><img loading=\"lazy\" decoding=\"async\" width=\"1024\" height=\"463\" class=\"wp-image-205\" src=\"https:\/\/przedszkole117.edu.wroclaw.pl\/wp-content\/uploads\/sites\/52\/2020\/11\/kokpit-1024x463.png\" alt=\"Strona g\u0142\u00f3wna\" srcset=\"https:\/\/przedszkole117.edu.wroclaw.pl\/wp-content\/uploads\/sites\/52\/2020\/11\/kokpit-1024x463.png 1024w, https:\/\/przedszkole117.edu.wroclaw.pl\/wp-content\/uploads\/sites\/52\/2020\/11\/kokpit-300x136.png 300w, https:\/\/przedszkole117.edu.wroclaw.pl\/wp-content\/uploads\/sites\/52\/2020\/11\/kokpit-768x347.png 768w, https:\/\/przedszkole117.edu.wroclaw.pl\/wp-content\/uploads\/sites\/52\/2020\/11\/kokpit-600x271.png 600w, https:\/\/przedszkole117.edu.wroclaw.pl\/wp-content\/uploads\/sites\/52\/2020\/11\/kokpit-1536x694.png 1536w, https:\/\/przedszkole117.edu.wroclaw.pl\/wp-content\/uploads\/sites\/52\/2020\/11\/kokpit.png 1919w\" sizes=\"auto, (max-width: 1024px) 100vw, 1024px\" \/><\/figure>\n<ol><\/p>\n\n<li>Teraz w zak\u0142adce Microsoft pojawi si\u0119 jako druga opcja \u201eM\u00f3j e-mail\u201d, nale\u017cy klikn\u0105\u0107.<\/li>\n<\/ol>\n\n\n<figure class=\"wp-block-image size-large\"><img loading=\"lazy\" decoding=\"async\" width=\"1024\" height=\"468\" class=\"wp-image-206\" src=\"https:\/\/przedszkole117.edu.wroclaw.pl\/wp-content\/uploads\/sites\/52\/2020\/11\/moj-mail-1024x468.png\" alt=\"Zak\u0142adka Kokpit\" srcset=\"https:\/\/przedszkole117.edu.wroclaw.pl\/wp-content\/uploads\/sites\/52\/2020\/11\/moj-mail-1024x468.png 1024w, https:\/\/przedszkole117.edu.wroclaw.pl\/wp-content\/uploads\/sites\/52\/2020\/11\/moj-mail-300x137.png 300w, https:\/\/przedszkole117.edu.wroclaw.pl\/wp-content\/uploads\/sites\/52\/2020\/11\/moj-mail-768x351.png 768w, https:\/\/przedszkole117.edu.wroclaw.pl\/wp-content\/uploads\/sites\/52\/2020\/11\/moj-mail-600x274.png 600w, https:\/\/przedszkole117.edu.wroclaw.pl\/wp-content\/uploads\/sites\/52\/2020\/11\/moj-mail-1536x702.png 1536w, https:\/\/przedszkole117.edu.wroclaw.pl\/wp-content\/uploads\/sites\/52\/2020\/11\/moj-mail.png 1919w\" sizes=\"auto, (max-width: 1024px) 100vw, 1024px\" \/><\/figure>\n\n<p>&nbsp;<\/p>\n<p>[\/vc_column_text][\/vc_column][\/vc_row]<\/p>\n<\/div>","protected":false},"excerpt":{"rendered":"<p>[vc_row][vc_column][vc_column_text] Drodzy Rodzice! Aby u\u0142atwi\u0107 Pa\u0144stwu pierwsze logowanie do &nbsp;Wroc\u0142awskiej Platformy Edukacyjnej poni\u017cej zamieszczam szczeg\u00f3\u0142ow\u0105 instrukcj\u0119 ze zdj\u0119ciami.&nbsp; Nale\u017cy wpisa\u0107 adres strony: pe.edu.wroclaw.pl Nale\u017cy klikn\u0105\u0107 \u201eZaloguj si\u0119\u201d. Aby wej\u015b\u0107 na [&hellip;]<\/p>\n","protected":false},"author":15,"featured_media":0,"parent":145,"menu_order":0,"comment_status":"closed","ping_status":"closed","template":"","meta":{"ngg_post_thumbnail":0,"footnotes":""},"class_list":["post-202","page","type-page","status-publish","hentry","clearfix"],"_links":{"self":[{"href":"https:\/\/przedszkole117.edu.wroclaw.pl\/index.php\/wp-json\/wp\/v2\/pages\/202","targetHints":{"allow":["GET"]}}],"collection":[{"href":"https:\/\/przedszkole117.edu.wroclaw.pl\/index.php\/wp-json\/wp\/v2\/pages"}],"about":[{"href":"https:\/\/przedszkole117.edu.wroclaw.pl\/index.php\/wp-json\/wp\/v2\/types\/page"}],"author":[{"embeddable":true,"href":"https:\/\/przedszkole117.edu.wroclaw.pl\/index.php\/wp-json\/wp\/v2\/users\/15"}],"replies":[{"embeddable":true,"href":"https:\/\/przedszkole117.edu.wroclaw.pl\/index.php\/wp-json\/wp\/v2\/comments?post=202"}],"version-history":[{"count":7,"href":"https:\/\/przedszkole117.edu.wroclaw.pl\/index.php\/wp-json\/wp\/v2\/pages\/202\/revisions"}],"predecessor-version":[{"id":1392,"href":"https:\/\/przedszkole117.edu.wroclaw.pl\/index.php\/wp-json\/wp\/v2\/pages\/202\/revisions\/1392"}],"up":[{"embeddable":true,"href":"https:\/\/przedszkole117.edu.wroclaw.pl\/index.php\/wp-json\/wp\/v2\/pages\/145"}],"wp:attachment":[{"href":"https:\/\/przedszkole117.edu.wroclaw.pl\/index.php\/wp-json\/wp\/v2\/media?parent=202"}],"curies":[{"name":"wp","href":"https:\/\/api.w.org\/{rel}","templated":true}]}}