
{"id":168,"date":"2020-11-13T13:00:12","date_gmt":"2020-11-13T12:00:12","guid":{"rendered":"https:\/\/przedszkole117.edu.wroclaw.pl\/?page_id=168"},"modified":"2024-09-27T21:23:53","modified_gmt":"2024-09-27T19:23:53","slug":"zajecia-dodatkowe","status":"publish","type":"page","link":"https:\/\/przedszkole117.edu.wroclaw.pl\/index.php\/organizacja-pracy-placowki\/zajecia-dodatkowe\/","title":{"rendered":"Zaj\u0119cia dodatkowe"},"content":{"rendered":"<div class=\"wpb-content-wrapper\"><p>[vc_row][vc_column][vc_column_text]<\/p>\n<h2>W ramach realizacji podstawy programowej wychowania przedszkolnego, wszystkie dzieci w naszym przedszkolu ucz\u0119szczaj\u0105 na zaj\u0119cia:<\/h2>\n<ul>\n<li>j\u0119zyka obcego nowo\u017cytnego (w grupach\u00a0 prowadzone s\u0105 zaj\u0119cia z j\u0119zyka angielskiego, nauczycielkami w tym zakresie s\u0105 Patrycja Kula i Klaudia Janicka),<\/li>\n<li>rytmiki (zaj\u0119cia odbywaj\u0105 si\u0119 w ka\u017cd\u0105 \u015brod\u0119),<\/li>\n<li>gimnastyki og\u00f3lnorozwojowej (dla wszystkich dzieci, zaj\u0119cia odbywaj\u0105 si\u0119 we wtorki i czwarki),<\/li>\n<li>religii ( zgodnie z deklaracj\u0105 rodzic\u00f3w)<\/li>\n<li>Raz w miesi\u0105cu ( do grudnia) dzieci uczestnicz\u0105 w zaj\u0119ciach &#8222;\u015bmiechoterapii&#8221;<\/li>\n<li>Raz w miesi\u0105cu dzieci uczestnicz\u0105 w zaj\u0119ciach zapoznaj\u0105cych je z muzyk\u0105 klasyczn\u0105 prowadzonych przez Dziadka Bacha.<\/li>\n<\/ul>\n<h3>W naszym przedszkolu, dla dzieci 3-7 letnich odbywaj\u0105 si\u0119 <strong>bezp\u0142atne<\/strong> zaj\u0119cia w ramach programu\u00a0<strong>Mali Wspaniali\u00a0<\/strong>prowadzone przez Fundacj\u0119 Infinity. <strong>Do udzia\u0142u w zaj\u0119ciach konieczna jest pisemna zgoda rodzica,<\/strong> a spotkania odbywaj\u0105 si\u0119 w godzinach pobytu dziecka w przedszkolu. Zja\u0119cia prowadzone s\u0105 w\u00a0 poniedzia\u0142ki. Zach\u0119camy do zapoznania si\u0119 z g\u0142\u00f3wnymi za\u0142o\u017ceniami tych zaj\u0119\u0107:<\/h3>\n<p>Mali Wspaniali to program prowadzony z powodzeniem ju\u017c od listopada 2014 roku w przedszkolach. Ma na celu promocj\u0119 sportu w\u015br\u00f3d najm\u0142odszych, w bezpo\u015brednim zwi\u0105zku z szerzeniem uniwersalnych warto\u015bci tkwi\u0105cych u podstaw sztuk walki. Ta grupa sport\u00f3w zosta\u0142a wybrana ze wzgl\u0119du na ilo\u015b\u0107 korzy\u015bci jakie oferuje najm\u0142odszym sportowcom. Okres przedszkolny jest szczeg\u00f3lnie znacz\u0105cy dla kszta\u0142towania motoryczno\u015bci dziecka i zachowa\u0144 sprzyjaj\u0105cych zdrowiu.<\/p>\n<p>Nadrz\u0119dnym celem programu jest kszta\u0142towanie nawyk\u00f3w zwi\u0105zanych ze zdrowym trybem \u017cycia poprzez zach\u0119canie dzieci do aktywno\u015bci sportowej. Dzieci zostaj\u0105 wyposa\u017cone w og\u00f3ln\u0105 wiedz\u0119 na temat sztuk walki, samoobrony, poznaj\u0105 podstawowe techniki. Dzi\u0119ki \u0107wiczeniom og\u00f3lnorozwojowym odbywaj\u0105cym si\u0119 w formie zabawy, dzieci poprawiaj\u0105 nie tylko cechy motoryczne, ale r\u00f3wnie\u017c procesy poznawcze i sfer\u0119 emocjonalno -spo\u0142eczn\u0105. Wykszta\u0142caj\u0105 umiej\u0119tno\u015bci pracy w zespole, \u015bmia\u0142ego wypowiadania si\u0119 na tle grupy, poznaj\u0105 swoje mocne strony.<\/p>\n<p>Dedykowany Ma\u0142ym Wspania\u0142ym program nauczania jest programem oficjalnym, zaakceptowanym przez Kuratora Ministerstwa Sportu i Turystyki.<\/p>\n<p>Pozosta\u0142e zaj\u0119cia (dodatkowo p\u0142atne) prowadzone s\u0105 przez firmy zewn\u0119trzne poza Podstaw\u0105 Programow\u0105 Wychowania Przedszkolnego. Propozycje dost\u0119pne w naszym przedszkolu to: tenis ziemny, pi\u0142ka no\u017cna, szachy, ta\u0144ce, robotyka, joga, j\u0119zyk francuski, j\u0119zyk angielski i lekcje rysunku, oraz Akademia M\u0142odych Naukowc\u00f3w.[\/vc_column_text][vc_tta_accordion style=&#8221;flat&#8221; color=&#8221;white&#8221; spacing=&#8221;5&#8243; active_section=&#8221;&#8221;][vc_tta_section title=&#8221;Pi\u0142ka no\u017cna&#8221; tab_id=&#8221;1605268899607-258a54a9-4273&#8243;][vc_column_text]<\/p>\n<p class=\"xmsonormal\">Zaj\u0119cia z mini tenisa i pi\u0142ki no\u017cnej w przedszkolu .<\/p>\n<p class=\"xmsonormal\">Zapraszamy dzieci od po\u0142owy wrze\u015bnia na zaj\u0119cia z mini tenisa i pi\u0142ki no\u017cnej , termin : czwartki od 15.20 do 16.50. zaj\u0119cia trwaj\u0105 30 min,\u00a0 ma\u0142e kilkuosobowe grupki, z ka\u017cdym nowym miesi\u0105cem mo\u017cna zrezygnowa\u0107 z zaj\u0119\u0107, nie trzeba deklarowa\u0107 si\u0119 na ca\u0142y semestr. Rodzic\u00f3w zainteresowanych prosimy o kontakt pod nr tel.<\/p>\n<p class=\"xmsonormal\">886 94 48 20 lub 886 12 88 44.<\/p>\n<p>[\/vc_column_text][\/vc_tta_section][vc_tta_section title=&#8221;Szachy&#8221; tab_id=&#8221;1605269134731-076cce3f-0cc8&#8243;][vc_column_text]Szachy s\u0105 strategiczn\u0105 i taktyczn\u0105 gr\u0105, kt\u00f3rej zasad z powodzeniem ucz\u0105 si\u0119 przedszkolaki. Szko\u0142a szachowa \u201eCzarny ko\u0144\u201d prowadzi zaj\u0119cia dla dzieci przedszkolnych i szkolnych od ponad 20 lat.<\/p>\n<p>W roku szkolnym 2023\/2024<\/p>\n<p>zaj\u0119cia odbywaj\u0105 si\u0119 raz w tygodniu po 30 minut w sali przedszkolnej po czasie okre\u015blonym w umowie z przedszkolem i s\u0105 dodatkowo p\u0142atne. Metody stosowane na zaj\u0119ciach to zabawy, konkursy, rysunki, pogadanki, bajki szachowe, samodzielnie i grupowo rozwi\u0105zywane zadania.Szczeg\u00f3\u0142owe informacje na temat zaj\u0119\u0107 mo\u017cna uzyska\u0107 na stronie internetowej organizatora <a href=\"http:\/\/www.czarnykon.net.pl\">www.czarnykon.net.pl<\/a> oraz pod numerem telefonu 691 855 524.[\/vc_column_text][\/vc_tta_section][vc_tta_section title=&#8221;Zaj\u0119cia taneczne&#8221; tab_id=&#8221;1605269244695-5eab624e-0520&#8243;][vc_column_text]Zaj\u0119cia odbywaj\u0105 si\u0119 raz w tygodniu we wtorki:15:30- 3-4 latki16:00- 5-6 latkiZapisy na zaj\u0119cia odbywaj\u0105 si\u0119 przez e-maila: BBDS@GMAIL.COM [\/vc_column_text][\/vc_tta_section][vc_tta_section title=&#8221;Joga&#8221; tab_id=&#8221;1667563375145-1ad64473-7686&#8243;][vc_row_inner][vc_column_inner][\/vc_column_inner][\/vc_row_inner][\/vc_tta_section][vc_tta_section title=&#8221;Robotyka&#8221; tab_id=&#8221;1667563803252-3ad3075d-718f&#8221;][\/vc_tta_section][\/vc_tta_accordion][\/vc_column][\/vc_row][vc_section][\/vc_section][vc_row][vc_column][vc_column_text]<\/p>\n<ul>\n<li>j\u0119zyk francuski<\/li>\n<li>j\u0119zyk angielski<\/li>\n<li>rysunek<\/li>\n<li>Akademia M\u0142odych Naukowc\u00f3w<\/li>\n<\/ul>\n<p>[\/vc_column_text][\/vc_column][\/vc_row]<\/p>\n<\/div>","protected":false},"excerpt":{"rendered":"<p>[vc_row][vc_column][vc_column_text] W ramach realizacji podstawy programowej wychowania przedszkolnego, wszystkie dzieci w naszym przedszkolu ucz\u0119szczaj\u0105 na zaj\u0119cia: j\u0119zyka obcego nowo\u017cytnego (w grupach\u00a0 prowadzone s\u0105 zaj\u0119cia z j\u0119zyka angielskiego, nauczycielkami w tym [&hellip;]<\/p>\n","protected":false},"author":15,"featured_media":0,"parent":145,"menu_order":0,"comment_status":"closed","ping_status":"closed","template":"","meta":{"ngg_post_thumbnail":0,"footnotes":""},"class_list":["post-168","page","type-page","status-publish","hentry","clearfix"],"_links":{"self":[{"href":"https:\/\/przedszkole117.edu.wroclaw.pl\/index.php\/wp-json\/wp\/v2\/pages\/168","targetHints":{"allow":["GET"]}}],"collection":[{"href":"https:\/\/przedszkole117.edu.wroclaw.pl\/index.php\/wp-json\/wp\/v2\/pages"}],"about":[{"href":"https:\/\/przedszkole117.edu.wroclaw.pl\/index.php\/wp-json\/wp\/v2\/types\/page"}],"author":[{"embeddable":true,"href":"https:\/\/przedszkole117.edu.wroclaw.pl\/index.php\/wp-json\/wp\/v2\/users\/15"}],"replies":[{"embeddable":true,"href":"https:\/\/przedszkole117.edu.wroclaw.pl\/index.php\/wp-json\/wp\/v2\/comments?post=168"}],"version-history":[{"count":34,"href":"https:\/\/przedszkole117.edu.wroclaw.pl\/index.php\/wp-json\/wp\/v2\/pages\/168\/revisions"}],"predecessor-version":[{"id":1049,"href":"https:\/\/przedszkole117.edu.wroclaw.pl\/index.php\/wp-json\/wp\/v2\/pages\/168\/revisions\/1049"}],"up":[{"embeddable":true,"href":"https:\/\/przedszkole117.edu.wroclaw.pl\/index.php\/wp-json\/wp\/v2\/pages\/145"}],"wp:attachment":[{"href":"https:\/\/przedszkole117.edu.wroclaw.pl\/index.php\/wp-json\/wp\/v2\/media?parent=168"}],"curies":[{"name":"wp","href":"https:\/\/api.w.org\/{rel}","templated":true}]}}