
{"id":148,"date":"2020-11-13T12:48:42","date_gmt":"2020-11-13T11:48:42","guid":{"rendered":"https:\/\/przedszkole117.edu.wroclaw.pl\/?page_id=148"},"modified":"2024-06-24T12:29:12","modified_gmt":"2024-06-24T10:29:12","slug":"ramowy-rozklad-dnia","status":"publish","type":"page","link":"https:\/\/przedszkole117.edu.wroclaw.pl\/index.php\/organizacja-pracy-placowki\/ramowy-rozklad-dnia\/","title":{"rendered":"Ramowy rozk\u0142ad dnia"},"content":{"rendered":"<div class=\"wpb-content-wrapper\"><p>[vc_row][vc_column][vc_column_text css=&#8221;&#8221;]<\/p>\r\n<h2 style=\"display: none;\">Grupy m\u0142odsze \u2013 I i II<\/h2>\r\n\r\n<figure class=\"wp-block-table\">\r\n<table id=\"grupymlodsze\" style=\"width: 65.5259%;\" summary=\"Ramowy Rozk\u0142ad Dnia - Grupy m\u0142odsze I i II\"><caption style=\"text-align: left; font-size: 18px;\">Grupy m\u0142odsze \u2013 I i II<\/caption>\r\n<thead>\r\n<tr>\r\n<th id=\"idTable1Col1\" style=\"width: 6.92821%;\">Godziny:<\/th>\r\n<th id=\"idTable1Col2\" style=\"width: 55.7852%;\">Aktywno\u015bci:<\/th>\r\n<\/tr>\r\n<\/thead>\r\n<tbody>\r\n<tr>\r\n<td style=\"width: 6.92821%;\" headers=\"idTable1Col1\">6.30 \u2013 7.30<\/td>\r\n<td style=\"width: 55.7852%;\" headers=\"idTable1Col2\">Schodzenie si\u0119 dzieci. Zabawy dowolne wed\u0142ug zainteresowa\u0144 s\u0142u\u017c\u0105ce realizacji pomys\u0142\u00f3w, zabawy konstrukcyjne, manipulacyjne i tematyczne<\/td>\r\n<\/tr>\r\n<tr>\r\n<td style=\"width: 6.92821%;\" headers=\"idTable1Col1\">7.30 \u2013 8.00<\/td>\r\n<td style=\"width: 55.7852%;\" headers=\"idTable1Col2\">Zabawy integruj\u0105ce grup\u0119, \u0107wiczenia og\u00f3lnorozwojowe (rozwijaj\u0105ce percepcj\u0119 wzrokow\u0105, s\u0142uchow\u0105, grafomotoryk\u0119), rozmowy indywidualne, zabawy zgodnie z zainteresowaniami dzieci<\/td>\r\n<\/tr>\r\n<tr>\r\n<td style=\"width: 6.92821%;\" headers=\"idTable1Col1\">8.00 \u2013 8.15<\/td>\r\n<td style=\"width: 55.7852%;\" headers=\"idTable1Col2\">Zabawy ruchowe<\/td>\r\n<\/tr>\r\n<tr>\r\n<td style=\"width: 6.92821%;\" headers=\"idTable1Col1\">8.15 \u2013 8.30<\/td>\r\n<td style=\"width: 55.7852%;\" headers=\"idTable1Col2\">Czynno\u015bci organizacyjne i higieniczne<\/td>\r\n<\/tr>\r\n<tr>\r\n<td style=\"width: 6.92821%;\" headers=\"idTable1Col1\">8.30 \u2013 9.00<\/td>\r\n<td style=\"width: 55.7852%;\" headers=\"idTable1Col2\">I \u015bniadanie<\/td>\r\n<\/tr>\r\n<tr>\r\n<td style=\"width: 6.92821%;\" headers=\"idTable1Col1\">9.00 \u2013 9.30<\/td>\r\n<td style=\"width: 55.7852%;\" headers=\"idTable1Col2\">Zaj\u0119cia dydaktyczne\/Religia<\/td>\r\n<\/tr>\r\n<tr>\r\n<td style=\"width: 6.92821%;\" headers=\"idTable1Col1\">9.30 \u2013 9.45<\/td>\r\n<td style=\"width: 55.7852%;\" headers=\"idTable1Col2\">Czynno\u015bci higieniczne i samoobs\u0142ugowe<\/td>\r\n<\/tr>\r\n<tr>\r\n<td style=\"width: 6.92821%;\" headers=\"idTable1Col1\">9.45 \u2013 10.00<\/td>\r\n<td style=\"width: 55.7852%;\" headers=\"idTable1Col2\">Ubieranie si\u0119 na spacer<\/td>\r\n<\/tr>\r\n<tr>\r\n<td style=\"width: 6.92821%;\" headers=\"idTable1Col1\">10.00 \u2013 10.45<\/td>\r\n<td style=\"width: 55.7852%;\" headers=\"idTable1Col2\">Zabawy ruchowe, zaj\u0119cia i zabawy w ogrodzie przedszkolnym, zaj\u0119cia i zabawy podejmowane z inicjatywy dzieci, gry i zabawy sportowe, \u0107wiczenia kszta\u0142tuj\u0105ce postaw\u0119 dziecka, spacery, wycieczki, obserwacje przyrodnicze<\/td>\r\n<\/tr>\r\n<tr>\r\n<td style=\"width: 6.92821%;\" headers=\"idTable1Col1\">10.45 \u2013 11.00<\/td>\r\n<td style=\"width: 55.7852%;\" headers=\"idTable1Col2\">Czynno\u015bci samoobs\u0142ugowe i higieniczne<\/td>\r\n<\/tr>\r\n<tr>\r\n<td style=\"width: 6.92821%;\" headers=\"idTable1Col1\">11.00 \u2013 11.20<\/td>\r\n<td style=\"width: 55.7852%;\" headers=\"idTable1Col2\">II \u015bniadanie<\/td>\r\n<\/tr>\r\n<tr>\r\n<td style=\"width: 6.92821%;\" headers=\"idTable1Col1\">11.20 \u2013 11.30<\/td>\r\n<td style=\"width: 55.7852%;\" headers=\"idTable1Col2\">Czynno\u015bci samoobs\u0142ugowe i higieniczne<\/td>\r\n<\/tr>\r\n<tr>\r\n<td style=\"width: 6.92821%;\" headers=\"idTable1Col1\">11.30 \u2013 13.00<\/td>\r\n<td style=\"width: 55.7852%;\" headers=\"idTable1Col2\">Odpoczynek na le\u017caku, s\u0142uchanie bajek i muzyki relaksacyjnej<\/td>\r\n<\/tr>\r\n<tr>\r\n<td style=\"width: 6.92821%;\" headers=\"idTable1Col1\">13.00 \u2013 13.15<\/td>\r\n<td style=\"width: 55.7852%;\" headers=\"idTable1Col2\">Czynno\u015bci higieniczne, samoobs\u0142ugowe i porz\u0105dkowe<\/td>\r\n<\/tr>\r\n<tr>\r\n<td style=\"width: 6.92821%;\" headers=\"idTable1Col1\">13.15 \u2013 13.30<\/td>\r\n<td style=\"width: 55.7852%;\" headers=\"idTable1Col2\">Zabawy ruchowe, paluszkowe<\/td>\r\n<\/tr>\r\n<tr>\r\n<td style=\"width: 6.92821%;\" headers=\"idTable1Col1\">13.30 \u2013 14.00<\/td>\r\n<td style=\"width: 55.7852%;\" headers=\"idTable1Col2\">Obiad<\/td>\r\n<\/tr>\r\n<tr>\r\n<td style=\"width: 6.92821%;\" headers=\"idTable1Col1\">14.00 \u2013 14.15<\/td>\r\n<td style=\"width: 55.7852%;\" headers=\"idTable1Col2\">Czynno\u015bci samoobs\u0142ugowe i higieniczne<\/td>\r\n<\/tr>\r\n<tr>\r\n<td style=\"width: 6.92821%;\" headers=\"idTable1Col1\">14.15 \u2013 14.45<\/td>\r\n<td style=\"width: 55.7852%;\" headers=\"idTable1Col2\">Zabawy ruchowe, gry dydaktyczne, utrwalanie wierszy i piosenek, rozwi\u0105zywanie zagadek<\/td>\r\n<\/tr>\r\n<tr>\r\n<td style=\"width: 6.92821%;\" headers=\"idTable1Col1\">14.45 \u2013 16.00<\/td>\r\n<td style=\"width: 55.7852%;\" headers=\"idTable1Col2\">Zabawy dowolne w k\u0105cikach zainteresowa\u0144, gry i uk\u0142adanki stolikowe, \u0107wiczenia s\u0142ownikowe, indywidualna praca wyr\u00f3wnawcza<\/td>\r\n<\/tr>\r\n<tr>\r\n<td style=\"width: 6.92821%;\" headers=\"idTable1Col1\">16.00 \u2013 17.00<\/td>\r\n<td style=\"width: 55.7852%;\" headers=\"idTable1Col2\">Zabawy z kolegami z innej grupy, w\u0142asna aktywno\u015b\u0107 dzieci, zabawy konstrukcyjne, manipulacyjne. Rozchodzenie si\u0119 dzieci<\/td>\r\n<\/tr>\r\n<\/tbody>\r\n<\/table>\r\n<\/figure>\r\n<h2 style=\"display: none;\">Grupy starsze \u2013&nbsp; III, IV, V, VI<\/h2>\r\n\r\n<figure class=\"wp-block-table\">&nbsp;\r\n<table id=\"grupystarsze\" style=\"width: 65.6928%;\" summary=\"Ramowy Rozk\u0142ad Dnia - Grupy starsze III, IV, V, VI\"><caption style=\"text-align: left; font-size: 18px;\">Grupy starsze \u2013&nbsp; III, IV, V, VI<\/caption>\r\n<thead>\r\n<tr>\r\n<th id=\"Table2Col1\" style=\"width: 6.51085%;\">Godziny:<\/th>\r\n<th id=\"Table2Col2\" style=\"width: 58.5142%;\">Aktywno\u015bci:<\/th>\r\n<\/tr>\r\n<\/thead>\r\n<tbody>\r\n<tr>\r\n<td style=\"width: 6.51085%;\" headers=\"idTable2Col1\">6.30 \u2013 7.30<\/td>\r\n<td style=\"width: 58.5142%;\" headers=\"idTable2Col2\">Schodzenie si\u0119 dzieci. Zabawy dowolne wed\u0142ug zainteresowa\u0144 s\u0142u\u017c\u0105ce realizacji pomys\u0142\u00f3w, zabawy konstrukcyjne, manipulacyjne i tematyczne<\/td>\r\n<\/tr>\r\n<tr>\r\n<td style=\"width: 6.51085%;\" headers=\"idTable2Col1\">7.30 \u2013 8.00<\/td>\r\n<td style=\"width: 58.5142%;\" headers=\"idTable2Col2\">Zabawy integruj\u0105ce grup\u0119, \u0107wiczenia og\u00f3lnorozwojowe (rozwijaj\u0105ce percepcj\u0119 wzrokow\u0105, s\u0142uchow\u0105, grafomotoryk\u0119), rozmowy indywidualne, zabawy zgodnie z zainteresowaniami dzieci<\/td>\r\n<\/tr>\r\n<tr>\r\n<td style=\"width: 6.51085%;\" headers=\"idTable2Col1\">8.00 \u2013 8.15<\/td>\r\n<td style=\"width: 58.5142%;\" headers=\"idTable2Col2\">Zabawy ruchowe, zestawy \u0107wicze\u0144 porannych<\/td>\r\n<\/tr>\r\n<tr>\r\n<td style=\"width: 6.51085%;\" headers=\"idTable2Col1\">8.15 \u2013 8.30<\/td>\r\n<td style=\"width: 58.5142%;\" headers=\"idTable2Col2\">Czynno\u015bci organizacyjne i higieniczne<\/td>\r\n<\/tr>\r\n<tr>\r\n<td style=\"width: 6.51085%;\" headers=\"idTable2Col1\">8.30 \u2013 9.00<\/td>\r\n<td style=\"width: 58.5142%;\" headers=\"idTable2Col2\">I \u015bniadanie<\/td>\r\n<\/tr>\r\n<tr>\r\n<td style=\"width: 6.51085%;\" headers=\"idTable2Col1\">9.00 \u2013 10.00<\/td>\r\n<td style=\"width: 58.5142%;\" headers=\"idTable2Col2\">Zaj\u0119cia dydaktyczne\/Religia<\/td>\r\n<\/tr>\r\n<tr>\r\n<td style=\"width: 6.51085%;\" headers=\"idTable2Col1\">10.00 \u2013 10.10<\/td>\r\n<td style=\"width: 58.5142%;\" headers=\"idTable2Col2\">Czynno\u015bci samoobs\u0142ugowe i higieniczne<\/td>\r\n<\/tr>\r\n<tr>\r\n<td style=\"width: 6.51085%;\" headers=\"idTable2Col1\">10.10 \u2013 10.50<\/td>\r\n<td style=\"width: 58.5142%;\" headers=\"idTable2Col2\">Zabawy ruchowe, zaj\u0119cia i zabawy w ogrodzie przedszkolnym, zaj\u0119cia i zabawy podejmowane z inicjatywy dzieci, zabawy i gry sportowe oraz \u0107wiczenia kszta\u0142tuj\u0105ce postaw\u0119 dziecka, zaj\u0119cia dodatkowe, spacery, wycieczki, obserwacje przyrodnicze<\/td>\r\n<\/tr>\r\n<tr>\r\n<td style=\"width: 6.51085%;\" headers=\"idTable2Col1\">10.50 \u2013 11.00<\/td>\r\n<td style=\"width: 58.5142%;\" headers=\"idTable2Col2\">Czynno\u015bci samoobs\u0142ugowe i higieniczne<\/td>\r\n<\/tr>\r\n<tr>\r\n<td style=\"width: 6.51085%;\" headers=\"idTable2Col1\">11.00 \u2013 11.15<\/td>\r\n<td style=\"width: 58.5142%;\" headers=\"idTable2Col2\">II \u015bniadanie<\/td>\r\n<\/tr>\r\n<tr>\r\n<td style=\"width: 6.51085%;\" headers=\"idTable2Col1\">11.15 \u2013 11.30<\/td>\r\n<td style=\"width: 58.5142%;\" headers=\"idTable2Col2\">Czynno\u015bci samoobs\u0142ugowe i higieniczne<\/td>\r\n<\/tr>\r\n<tr>\r\n<td style=\"width: 6.51085%;\" headers=\"idTable2Col1\">11.30 \u2013 13.15<\/td>\r\n<td style=\"width: 58.5142%;\" headers=\"idTable2Col2\">Zabawy podejmowane z inicjatywy dzieci, zabawy w k\u0105cikach zainteresowa\u0144, zabawy tematyczne, gry i zabawy dydaktyczne, utrwalanie wierszy i piosenek, zabawy w ogrodzie przedszkolnym<\/td>\r\n<\/tr>\r\n<tr>\r\n<td style=\"width: 6.51085%;\" headers=\"idTable2Col1\">13.15 \u2013 13.30<\/td>\r\n<td style=\"width: 58.5142%;\" headers=\"idTable2Col2\">Czynno\u015bci samoobs\u0142ugowe i higieniczne<\/td>\r\n<\/tr>\r\n<tr>\r\n<td style=\"width: 6.51085%;\" headers=\"idTable2Col1\">13.30 \u2013 14.00<\/td>\r\n<td style=\"width: 58.5142%;\" headers=\"idTable2Col2\">Obiad<\/td>\r\n<\/tr>\r\n<tr>\r\n<td style=\"width: 6.51085%;\" headers=\"idTable2Col1\">14.00 \u2013 14.15<\/td>\r\n<td style=\"width: 58.5142%;\" headers=\"idTable2Col2\">Czynno\u015bci samoobs\u0142ugowe i higieniczne<\/td>\r\n<\/tr>\r\n<tr>\r\n<td style=\"width: 6.51085%;\" headers=\"idTable2Col1\">14.15 \u2013 14.45<\/td>\r\n<td style=\"width: 58.5142%;\" headers=\"idTable2Col2\">Zabawy wyciszaj\u0105ce, s\u0142uchanie bajek, legend, opowiada\u0144. \u0106wiczenia utrwalaj\u0105ce wiadomo\u015bci z zaj\u0119\u0107 edukacyjnych<\/td>\r\n<\/tr>\r\n<tr>\r\n<td style=\"width: 6.51085%;\" headers=\"idTable2Col1\">14.45 \u2013 16.00<\/td>\r\n<td style=\"width: 58.5142%;\" headers=\"idTable2Col2\">Zabawy ruchowe,&nbsp; umuzykalniaj\u0105ce-taneczne, zabawy plastyczne, zabawy i gry dydaktyczne, stolikowe, zabawy ruchowe w ogrodzie przedszkolnym, zabawy dowolne wed\u0142ug zainteresowa\u0144, zaj\u0119cia w ma\u0142ych zespo\u0142ach. Praca stymulacyjno-kompensacyjna<\/td>\r\n<\/tr>\r\n<tr>\r\n<td style=\"width: 6.51085%;\" headers=\"idTable2Col1\">16.00 \u2013 17.00<\/td>\r\n<td style=\"width: 58.5142%;\" headers=\"idTable2Col2\">W\u0142asna aktywno\u015b\u0107 dzieci, zabawy konstrukcyjne, manipulacyjne, gry i uk\u0142adanki stolikowe, rozmowy indywidualne, czynno\u015bci porz\u0105dkowe. Rozchodzenie si\u0119 dziec<\/td>\r\n<\/tr>\r\n<\/tbody>\r\n<\/table>\r\n<p>[vc_row][vc_column width=&#8221;1\/1&#8243;][vc_column_text]<\/p>\r\n<\/figure>\r\n<p>[\/vc_column_text][\/vc_column][\/vc_row][vc_row][vc_column][vc_column_text][\/vc_column_text][\/vc_column][\/vc_row]<\/p><\/div>","protected":false},"excerpt":{"rendered":"<p>[vc_row][vc_column][vc_column_text css=&#8221;&#8221;] Grupy m\u0142odsze \u2013 I i II Grupy m\u0142odsze \u2013 I i II Godziny: Aktywno\u015bci: 6.30 \u2013 7.30 Schodzenie si\u0119 dzieci. Zabawy dowolne wed\u0142ug zainteresowa\u0144 s\u0142u\u017c\u0105ce realizacji pomys\u0142\u00f3w, zabawy [&hellip;]<\/p>\n","protected":false},"author":15,"featured_media":0,"parent":145,"menu_order":0,"comment_status":"closed","ping_status":"closed","template":"","meta":{"ngg_post_thumbnail":0,"footnotes":""},"class_list":["post-148","page","type-page","status-publish","hentry","clearfix"],"_links":{"self":[{"href":"https:\/\/przedszkole117.edu.wroclaw.pl\/index.php\/wp-json\/wp\/v2\/pages\/148","targetHints":{"allow":["GET"]}}],"collection":[{"href":"https:\/\/przedszkole117.edu.wroclaw.pl\/index.php\/wp-json\/wp\/v2\/pages"}],"about":[{"href":"https:\/\/przedszkole117.edu.wroclaw.pl\/index.php\/wp-json\/wp\/v2\/types\/page"}],"author":[{"embeddable":true,"href":"https:\/\/przedszkole117.edu.wroclaw.pl\/index.php\/wp-json\/wp\/v2\/users\/15"}],"replies":[{"embeddable":true,"href":"https:\/\/przedszkole117.edu.wroclaw.pl\/index.php\/wp-json\/wp\/v2\/comments?post=148"}],"version-history":[{"count":23,"href":"https:\/\/przedszkole117.edu.wroclaw.pl\/index.php\/wp-json\/wp\/v2\/pages\/148\/revisions"}],"predecessor-version":[{"id":1769,"href":"https:\/\/przedszkole117.edu.wroclaw.pl\/index.php\/wp-json\/wp\/v2\/pages\/148\/revisions\/1769"}],"up":[{"embeddable":true,"href":"https:\/\/przedszkole117.edu.wroclaw.pl\/index.php\/wp-json\/wp\/v2\/pages\/145"}],"wp:attachment":[{"href":"https:\/\/przedszkole117.edu.wroclaw.pl\/index.php\/wp-json\/wp\/v2\/media?parent=148"}],"curies":[{"name":"wp","href":"https:\/\/api.w.org\/{rel}","templated":true}]}}