
{"id":136,"date":"2020-11-13T12:39:30","date_gmt":"2020-11-13T11:39:30","guid":{"rendered":"https:\/\/przedszkole117.edu.wroclaw.pl\/?page_id=136"},"modified":"2024-03-08T13:06:07","modified_gmt":"2024-03-08T12:06:07","slug":"kalendarium","status":"publish","type":"page","link":"https:\/\/przedszkole117.edu.wroclaw.pl\/index.php\/kalendarium\/","title":{"rendered":"Kalendarium"},"content":{"rendered":"<div class=\"wpb-content-wrapper\"><p>[vc_row][vc_column][vc_column_text]<\/p>\n<h2>W kalendarium znajd\u0105 Pa\u0144stwo informacje o najwa\u017cniejszych wydarzeniach z \u017cycia przedszkola w roku szkolnym<\/h2>\n<p>[\/vc_column_text][\/vc_column][\/vc_row][vc_row][vc_column][vc_tta_accordion style=&#8221;flat&#8221; color=&#8221;white&#8221; spacing=&#8221;5&#8243; active_section=&#8221;&#8221;][vc_tta_section title=&#8221;Zebrania i konsultacje&#8221; tab_id=&#8221;1605267760006-ebdacc47-d020&#8243;][vc_column_text]<\/p>\n<table style=\"width: 154.416%;height: 1216px\" width=\"857\">\n<tbody>\n<tr style=\"height: 24px\">\n<td style=\"height: 24px;width: 84.3387%\"><strong>Grupa I<\/strong><\/td>\n<td style=\"height: 24px;width: 14.7332%\"><\/td>\n<\/tr>\n<tr style=\"height: 24px\">\n<td style=\"height: 24px;width: 84.3387%\">Zebranie organizacyjne<\/td>\n<td style=\"height: 24px;width: 14.7332%\">IX 2021<\/td>\n<\/tr>\n<tr style=\"height: 24px\">\n<td style=\"height: 24px;width: 84.3387%\">Podsumowanie obserwacji wst\u0119pnych &#8211; indwyidualne konsultacje<\/td>\n<td style=\"height: 24px;width: 14.7332%\">XI 2021<\/td>\n<\/tr>\n<tr style=\"height: 24px\">\n<td style=\"height: 24px;width: 84.3387%\"><\/td>\n<td style=\"height: 24px;width: 14.7332%\">I 2022<\/td>\n<\/tr>\n<tr style=\"height: 24px\">\n<td style=\"height: 24px;width: 84.3387%\">Zebranie podsumowuj\u0105ce rok szkolny<\/td>\n<td style=\"height: 24px;width: 14.7332%\">V 2022<\/td>\n<\/tr>\n<tr style=\"height: 24px\">\n<td style=\"height: 24px;width: 84.3387%\"><\/td>\n<td style=\"height: 24px;width: 14.7332%\"><\/td>\n<\/tr>\n<tr style=\"height: 24px\">\n<td style=\"height: 24px;width: 84.3387%\">Konsultacje odbywaj\u0105 si\u0119 zgodnie z harmonogramem.<\/td>\n<td style=\"height: 24px;width: 14.7332%\"><\/td>\n<\/tr>\n<tr style=\"height: 24px\">\n<td style=\"height: 24px;width: 84.3387%\"><\/td>\n<td style=\"height: 24px;width: 14.7332%\"><\/td>\n<\/tr>\n<tr style=\"height: 24px\">\n<td style=\"height: 24px;width: 84.3387%\"><\/td>\n<td style=\"height: 24px;width: 14.7332%\"><\/td>\n<\/tr>\n<tr style=\"height: 24px\">\n<td style=\"height: 24px;width: 84.3387%\"><strong>Grupa II<\/strong><\/td>\n<td style=\"height: 24px;width: 14.7332%\"><\/td>\n<\/tr>\n<tr style=\"height: 24px\">\n<td style=\"height: 24px;width: 84.3387%\">Zebranie organizacyjne<\/td>\n<td style=\"height: 24px;width: 14.7332%\">IX 2021<\/td>\n<\/tr>\n<tr style=\"height: 24px\">\n<td style=\"height: 24px;width: 84.3387%\">Podsumowanie\u00a0 obserwacji wst\u0119pnych\/ konsultacje indywidualne<\/td>\n<td style=\"height: 24px;width: 14.7332%\">XI 2021<\/td>\n<\/tr>\n<tr style=\"height: 24px\">\n<td style=\"height: 24px;width: 84.3387%\"><\/td>\n<td style=\"height: 24px;width: 14.7332%\">II 2022<\/td>\n<\/tr>\n<tr style=\"height: 24px\">\n<td style=\"height: 24px;width: 84.3387%\">Zebranie podsumowuj\u0105ce rok szkolny<\/td>\n<td style=\"height: 24px;width: 14.7332%\">VI 2022<\/td>\n<\/tr>\n<tr style=\"height: 24px\">\n<td style=\"height: 24px;width: 84.3387%\"><\/td>\n<td style=\"height: 24px;width: 14.7332%\"><\/td>\n<\/tr>\n<tr style=\"height: 24px\">\n<td style=\"height: 24px;width: 84.3387%\">Konsultacje odbywaj\u0105 si\u0119 zgodnie z harmonogramem.<\/td>\n<td style=\"height: 24px;width: 14.7332%\"><\/td>\n<\/tr>\n<tr style=\"height: 24px\">\n<td style=\"height: 24px;width: 84.3387%\"><\/td>\n<td style=\"height: 24px;width: 14.7332%\"><\/td>\n<\/tr>\n<tr style=\"height: 24px\">\n<td style=\"height: 24px;width: 84.3387%\"><\/td>\n<td style=\"height: 24px;width: 14.7332%\"><\/td>\n<\/tr>\n<tr style=\"height: 24px\">\n<td style=\"height: 24px;width: 84.3387%\"><strong>Grupa III<\/strong><\/td>\n<td style=\"height: 24px;width: 14.7332%\"><\/td>\n<\/tr>\n<tr style=\"height: 24px\">\n<td style=\"height: 24px;width: 84.3387%\">Zebranie organizacyjne<\/td>\n<td style=\"height: 24px;width: 14.7332%\">IX 2021<\/td>\n<\/tr>\n<tr style=\"height: 24px\">\n<td style=\"height: 24px;width: 84.3387%\">Podsumowanie obserwacji wst\u0119pnych\/ konsultacje indywidualne<\/td>\n<td style=\"height: 24px;width: 14.7332%\">XI 2021<\/td>\n<\/tr>\n<tr style=\"height: 24px\">\n<td style=\"height: 24px;width: 84.3387%\"><\/td>\n<td style=\"height: 24px;width: 14.7332%\">II 2022<\/td>\n<\/tr>\n<tr style=\"height: 24px\">\n<td style=\"height: 24px;width: 84.3387%\">Zebranie podsumowuj\u0105ce rok szkolny<\/td>\n<td style=\"height: 24px;width: 14.7332%\">IV 2022<\/td>\n<\/tr>\n<tr style=\"height: 24px\">\n<td style=\"height: 24px;width: 84.3387%\"><\/td>\n<td style=\"height: 24px;width: 14.7332%\"><\/td>\n<\/tr>\n<tr style=\"height: 24px\">\n<td style=\"height: 24px;width: 84.3387%\"><\/td>\n<td style=\"height: 24px;width: 14.7332%\"><\/td>\n<\/tr>\n<tr style=\"height: 24px\">\n<td style=\"height: 24px;width: 84.3387%\">Konsultacje odbywaj\u0105 si\u0119 zgodnie z\u00a0 harmonogramem.<\/td>\n<td style=\"height: 24px;width: 14.7332%\"><\/td>\n<\/tr>\n<tr style=\"height: 24px\">\n<td style=\"height: 24px;width: 84.3387%\"><\/td>\n<td style=\"height: 24px;width: 14.7332%\"><\/td>\n<\/tr>\n<tr style=\"height: 24px\">\n<td style=\"height: 24px;width: 84.3387%\"><\/td>\n<td style=\"height: 24px;width: 14.7332%\"><\/td>\n<\/tr>\n<tr style=\"height: 24px\">\n<td style=\"height: 24px;width: 84.3387%\"><\/td>\n<td style=\"height: 24px;width: 14.7332%\"><\/td>\n<\/tr>\n<tr style=\"height: 24px\">\n<td style=\"height: 24px;width: 84.3387%\"><strong>Grupa IV<\/strong><\/td>\n<td style=\"height: 24px;width: 14.7332%\"><\/td>\n<\/tr>\n<tr style=\"height: 24px\">\n<td style=\"height: 24px;width: 84.3387%\">Zebranie organizacyjne<\/td>\n<td style=\"height: 24px;width: 14.7332%\">IX 2021<\/td>\n<\/tr>\n<tr style=\"height: 24px\">\n<td style=\"height: 24px;width: 84.3387%\">Podsumowanie obserwacji wst\u0119pnych\/ konsultacje indywidualne<\/td>\n<td style=\"height: 24px;width: 14.7332%\">XI 2021<\/td>\n<\/tr>\n<tr style=\"height: 24px\">\n<td style=\"height: 24px;width: 84.3387%\">Zebranie z rodzicami<\/td>\n<td style=\"height: 24px;width: 14.7332%\">II 2022<\/td>\n<\/tr>\n<tr style=\"height: 24px\">\n<td style=\"height: 24px;width: 84.3387%\"><\/td>\n<td style=\"height: 24px;width: 14.7332%\">IV 2022<\/td>\n<\/tr>\n<tr style=\"height: 24px\">\n<td style=\"height: 24px;width: 84.3387%\"><\/td>\n<td style=\"height: 24px;width: 14.7332%\"><\/td>\n<\/tr>\n<tr style=\"height: 24px\">\n<td style=\"height: 24px;width: 84.3387%\"><\/td>\n<td style=\"height: 24px;width: 14.7332%\"><\/td>\n<\/tr>\n<tr style=\"height: 24px\">\n<td style=\"height: 24px;width: 84.3387%\">Konsultacje odbywaj\u0105 si\u0119 zgodnie z harmonogramem.<\/td>\n<td style=\"height: 24px;width: 14.7332%\"><\/td>\n<\/tr>\n<tr style=\"height: 24px\">\n<td style=\"height: 24px;width: 84.3387%\"><\/td>\n<td style=\"height: 24px;width: 14.7332%\"><\/td>\n<\/tr>\n<tr style=\"height: 24px\">\n<td style=\"height: 24px;width: 84.3387%\"><\/td>\n<td style=\"height: 24px;width: 14.7332%\"><\/td>\n<\/tr>\n<tr style=\"height: 24px\">\n<td style=\"height: 24px;width: 84.3387%\"><strong>Grupa V<\/strong><\/td>\n<td style=\"height: 24px;width: 14.7332%\"><\/td>\n<\/tr>\n<tr style=\"height: 24px\">\n<td style=\"height: 24px;width: 84.3387%\">Zebranie organizacyjne<\/td>\n<td style=\"height: 24px;width: 14.7332%\">IX 2021<\/td>\n<\/tr>\n<tr style=\"height: 24px\">\n<td style=\"height: 24px;width: 84.3387%\">Podsumowanie obserwacji wst\u0119pnych\/ konultacje indywidualne<\/td>\n<td style=\"height: 24px;width: 14.7332%\">XI 2021<\/td>\n<\/tr>\n<tr style=\"height: 24px\">\n<td style=\"height: 24px;width: 84.3387%\"><\/td>\n<td style=\"height: 24px;width: 14.7332%\">I 2022<\/td>\n<\/tr>\n<tr style=\"height: 24px\">\n<td style=\"height: 24px;width: 84.3387%\">Podsumowanie obserwacji dzieci i diagnozy<\/p>\n<p>&nbsp;<\/td>\n<td style=\"height: 24px;width: 14.7332%\">IV2022<\/td>\n<\/tr>\n<tr style=\"height: 24px\">\n<td style=\"height: 24px;width: 84.3387%\">Konsultacje odbywaj\u0105 si\u0119 zgodnie z\u00a0 harmonogramem.<\/p>\n<p><strong>Grupa VI<\/strong><\/td>\n<td style=\"height: 24px;width: 14.7332%\"><\/td>\n<\/tr>\n<tr>\n<td style=\"width: 84.3387%\">Zebranie organizacyjne<\/td>\n<td style=\"width: 14.7332%\">IX2021<\/td>\n<\/tr>\n<tr>\n<td style=\"width: 84.3387%\">Podsumowanie obserwacji wst\u0119pnych\/konsultacje indywidualne<\/td>\n<td style=\"width: 14.7332%\">XI2021<\/td>\n<\/tr>\n<tr>\n<td style=\"width: 84.3387%\"><\/td>\n<td style=\"width: 14.7332%\">II2022<\/td>\n<\/tr>\n<tr>\n<td style=\"width: 84.3387%\">Podsumowanie obserwacji dzieci i diagnozy<\/p>\n<p>&nbsp;<\/td>\n<td style=\"width: 14.7332%\">IV2022<\/td>\n<\/tr>\n<\/tbody>\n<\/table>\n<p>[\/vc_column_text][\/vc_tta_section][vc_tta_section title=&#8221;Muzyczny \u015bwiat Dziadka Bacha&#8221; tab_id=&#8221;1605267614153-4f36958f-974d&#8221;][vc_column_text]Spotkania z Dziadkiem Bachem s\u0105 form\u0105 koncert\u00f3w edukacyjnych, odbywaj\u0105 si\u0119 o g. 9.00 (gr.I,II,III) i o 9.35 (gr.IV,V,VI)<\/p>\n<p>Spotkania z Dziadkiem Bachem odb\u0119d\u0105 si\u0119 kilka razy w roku szkonym\u00a0 \u00a02023\/2024[\/vc_column_text][\/vc_tta_section][vc_tta_section title=&#8221;Imprezy i uroczysto\u015bci&#8221; tab_id=&#8221;1605267614170-b666b387-bdd3&#8243;][vc_column_text]<\/p>\n<table style=\"border-collapse: collapse;width: 100%\">\n<tbody>\n<tr>\n<td style=\"width: 50%\"><span style=\"font-size: 14pt\"><strong>Rodzaj imprezy<\/strong><\/span><\/td>\n<td style=\"width: 50%\"><span style=\"font-size: 14pt\"><strong>Termin<\/strong><\/span><\/td>\n<\/tr>\n<tr>\n<td style=\"width: 50%\">Powitanie wiosny<\/td>\n<td style=\"width: 50%\">21 III 2024<\/td>\n<\/tr>\n<tr>\n<td style=\"width: 50%\">Spotkanie z\u00a0 Zaj\u0105cem<\/td>\n<td style=\"width: 50%\">26 III 2024<\/td>\n<\/tr>\n<tr>\n<td style=\"width: 50%\">Dzie\u0144 Mamy i Taty<\/td>\n<td style=\"width: 50%\">23-28 V 2024<\/td>\n<\/tr>\n<tr>\n<td style=\"width: 50%\">Zako\u0144czenie Roku<\/td>\n<td style=\"width: 50%\">VI 2024 &#8211; gr. V i VI<\/td>\n<\/tr>\n<tr>\n<td style=\"width: 50%\">Dzie\u0144 Dziecka<\/td>\n<td style=\"width: 50%\">03.06.2024<\/td>\n<\/tr>\n<\/tbody>\n<\/table>\n<p>[\/vc_column_text][\/vc_tta_section][vc_tta_section title=&#8221;Dzia\u0142&#8221; tab_id=&#8221;1709899531879-a10ca355-ecff&#8221;][\/vc_tta_section][\/vc_tta_accordion][\/vc_column][\/vc_row]<\/p>\n<\/div>","protected":false},"excerpt":{"rendered":"<p>[vc_row][vc_column][vc_column_text] W kalendarium znajd\u0105 Pa\u0144stwo informacje o najwa\u017cniejszych wydarzeniach z \u017cycia przedszkola w roku szkolnym [\/vc_column_text][\/vc_column][\/vc_row][vc_row][vc_column][vc_tta_accordion style=&#8221;flat&#8221; color=&#8221;white&#8221; spacing=&#8221;5&#8243; active_section=&#8221;&#8221;][vc_tta_section title=&#8221;Zebrania i konsultacje&#8221; tab_id=&#8221;1605267760006-ebdacc47-d020&#8243;][vc_column_text] Grupa I Zebranie organizacyjne IX 2021 [&hellip;]<\/p>\n","protected":false},"author":15,"featured_media":0,"parent":0,"menu_order":0,"comment_status":"closed","ping_status":"closed","template":"","meta":{"ngg_post_thumbnail":0,"footnotes":""},"class_list":["post-136","page","type-page","status-publish","hentry","clearfix"],"_links":{"self":[{"href":"https:\/\/przedszkole117.edu.wroclaw.pl\/index.php\/wp-json\/wp\/v2\/pages\/136","targetHints":{"allow":["GET"]}}],"collection":[{"href":"https:\/\/przedszkole117.edu.wroclaw.pl\/index.php\/wp-json\/wp\/v2\/pages"}],"about":[{"href":"https:\/\/przedszkole117.edu.wroclaw.pl\/index.php\/wp-json\/wp\/v2\/types\/page"}],"author":[{"embeddable":true,"href":"https:\/\/przedszkole117.edu.wroclaw.pl\/index.php\/wp-json\/wp\/v2\/users\/15"}],"replies":[{"embeddable":true,"href":"https:\/\/przedszkole117.edu.wroclaw.pl\/index.php\/wp-json\/wp\/v2\/comments?post=136"}],"version-history":[{"count":19,"href":"https:\/\/przedszkole117.edu.wroclaw.pl\/index.php\/wp-json\/wp\/v2\/pages\/136\/revisions"}],"predecessor-version":[{"id":1567,"href":"https:\/\/przedszkole117.edu.wroclaw.pl\/index.php\/wp-json\/wp\/v2\/pages\/136\/revisions\/1567"}],"wp:attachment":[{"href":"https:\/\/przedszkole117.edu.wroclaw.pl\/index.php\/wp-json\/wp\/v2\/media?parent=136"}],"curies":[{"name":"wp","href":"https:\/\/api.w.org\/{rel}","templated":true}]}}